{"id":7,"date":"2019-06-18T06:23:51","date_gmt":"2019-06-18T06:23:51","guid":{"rendered":"https:\/\/demo.themefreesia.com\/extension-app\/?page_id=7"},"modified":"2021-07-21T15:55:09","modified_gmt":"2021-07-21T15:55:09","slug":"elementor-7","status":"publish","type":"page","link":"https:\/\/linecomerproduct.com.mx\/","title":{"rendered":"Inicio"},"content":{"rendered":"<h4>\n\t\t\t\t\tComercio internacional<br \/>\n\t\t\t\t<\/h4>\n<p>Importamos y exportamos cualquier mercanc\u00eda desde cualquier parte del mundo. <\/p>\n<h4>\n\t\t\t\t\tGesti\u00f3n<br \/>\n\t\t\t\t<\/h4>\n<p>Nos encargamos de la gesti\u00f3n de permisos, documentos y pedimentos de tus productos.<\/p>\n<h4>\n\t\t\t\t\tAlmacenaje<br \/>\n\t\t\t\t<\/h4>\n<p>Contamos con bodegas de almacenaje temporal para tus productos. <\/p>\n<p>\t\t\t\t\t\t\t\t\t\t\t\t\t\t\t<img decoding=\"async\" width=\"1024\" height=\"683\" src=\"https:\/\/linecomerproduct.com.mx\/wp-content\/uploads\/2021\/07\/gabriel-santos-GBVDilE8yvI-unsplash-1024x683.jpg\" alt=\"\" loading=\"lazy\" srcset=\"https:\/\/linecomerproduct.com.mx\/wp-content\/uploads\/2021\/07\/gabriel-santos-GBVDilE8yvI-unsplash-1024x683.jpg 1024w, https:\/\/linecomerproduct.com.mx\/wp-content\/uploads\/2021\/07\/gabriel-santos-GBVDilE8yvI-unsplash-300x200.jpg 300w, https:\/\/linecomerproduct.com.mx\/wp-content\/uploads\/2021\/07\/gabriel-santos-GBVDilE8yvI-unsplash-768x512.jpg 768w, https:\/\/linecomerproduct.com.mx\/wp-content\/uploads\/2021\/07\/gabriel-santos-GBVDilE8yvI-unsplash-1536x1024.jpg 1536w, https:\/\/linecomerproduct.com.mx\/wp-content\/uploads\/2021\/07\/gabriel-santos-GBVDilE8yvI-unsplash-2048x1365.jpg 2048w\" sizes=\"auto, (max-width: 1024px) 100vw, 1024px\" \/>\t\t\t\t\t\t\t\t\t\t\t\t\t\t\t<\/p>\n<p>Solucionamos tus problemas de comercializaci\u00f3n<\/p>\n<h3>De puerta a puerta<\/h3>\n<ul>\n<li>\n\t\t\t\t\t\t\t\t\t\tContamos con indicadores en nuestros procesos: nos medimos para mejorar.\n\t\t\t\t\t\t\t\t\t<\/li>\n<li>\n\t\t\t\t\t\t\t\t\t\tM\u00e1s de 100 mil m2 de almacenes propios en M\u00e9xico y Estados Unidos.\n\t\t\t\t\t\t\t\t\t<\/li>\n<li>\n\t\t\t\t\t\t\t\t\t\tTrata con un solo contacto en M\u00e9xico.\n\t\t\t\t\t\t\t\t\t<\/li>\n<\/ul>\n<p>\t\t\t\t0<br \/>\n\t\t\t\t\t\t\tDownloads<br \/>\n\t\t\t\t+<br \/>\n\t\t\t\t0<br \/>\n\t\t\t\t\t\t\tClientes felices<br \/>\n\t\t\t\t+<br \/>\n\t\t\t\t0<br \/>\n\t\t\t\tk<br \/>\n\t\t\t\t\t\t\tAnuales<br \/>\n\t\t\t\t\t\t\t\t\t\t\t\t\t\t\t<img decoding=\"async\" width=\"1024\" height=\"575\" src=\"https:\/\/linecomerproduct.com.mx\/wp-content\/uploads\/2021\/07\/thestandingdesk-com-wJLwq637lOw-unsplash-1024x575.jpg\" alt=\"\" loading=\"lazy\" srcset=\"https:\/\/linecomerproduct.com.mx\/wp-content\/uploads\/2021\/07\/thestandingdesk-com-wJLwq637lOw-unsplash-1024x575.jpg 1024w, https:\/\/linecomerproduct.com.mx\/wp-content\/uploads\/2021\/07\/thestandingdesk-com-wJLwq637lOw-unsplash-300x169.jpg 300w, https:\/\/linecomerproduct.com.mx\/wp-content\/uploads\/2021\/07\/thestandingdesk-com-wJLwq637lOw-unsplash-768x432.jpg 768w, https:\/\/linecomerproduct.com.mx\/wp-content\/uploads\/2021\/07\/thestandingdesk-com-wJLwq637lOw-unsplash-1536x863.jpg 1536w, https:\/\/linecomerproduct.com.mx\/wp-content\/uploads\/2021\/07\/thestandingdesk-com-wJLwq637lOw-unsplash-2048x1151.jpg 2048w\" sizes=\"auto, (max-width: 1024px) 100vw, 1024px\" \/>\t\t\t\t\t\t\t\t\t\t\t\t\t\t\t<\/p>\n<h2>Servicios<\/h2>\n<p>\t\t\t\t\t\t\t\t\t\t\t\t<a href=\"\">SERVICIOS ADUANEROS<\/a><\/p>\n<p>Utilizamos\u00a0<strong>tecnolog\u00eda<\/strong>\u00a0en cada operaci\u00f3n para ayudarte a REDUCIR COSTOS.<\/p>\n<p>\t\t\t\t\t\t\t\t\t\t\t\t<a href=\"\">LOG\u00cdSTICA GLOBALIZADA<\/a><\/p>\n<p>Hacemos\u00a0<strong>m\u00e1s productiva tu cadena<\/strong>\u00a0de suministro.<\/p>\n<p>\t\t\t\t\t\t\t\t\t\t\t\t<a href=\"\">COMERCIO EXTERIOR<\/a><\/p>\n<p>Estatus de tus operaciones en tiempo real.<\/p>\n<h2>Testimonios<\/h2>\n<p>Nuestros clientes nos respaldan<\/p>\n<p>\t\t\t\t\t\t\tUna empresa totalmente recomendada, siempre tuvieron contacto y todo sali\u00f3 en tiempo y forma. Se aseguraron de que todos nuestros productos estuvieran a tiempo.<br \/>\n\t\t\t\t\t\t\t\t\t\t\t\t\t\tAdri\u00e1n P.<br \/>\n\t\t\t\t\t\t\t\t\t\t\t\t\t\t\t\t\t\t\t\t\t\tENCAMIN<br \/>\n\t\t\t\t\t\t\tUn servicio de calidad. Su monitoreo, seguimiento y control de inventarios lo manejan con mucha calidad.<br \/>\n\t\t\t\t\t\t\t\t\t\t\t\t\t\tAna Laura R.<br \/>\n\t\t\t\t\t\t\t\t\t\t\t\t\t\t\t\t\t\t\t\t\t\tPersone Co.<\/p>\n<h2>Cont\u00e1ctanos<\/h2>\n<h3>\n\t\t\t\t\t3331456232<br \/>\n\t\t\t\t<\/h3>\n<h3>\n\t\t\t\t\tventas@linecomerproduct.com.mx<br \/>\n\t\t\t\t<\/h3>\n<h3>\n\t\t\t\t\tSanto Santiago No. 3322, Jardines de San Santiago, Zapopan, Jalisco<br \/>\n\t\t\t\t<\/h3>\n<p>\t\t\t\t\t\t\t\t\t\t\t\t\t\t\t<img decoding=\"async\" width=\"395\" height=\"326\" src=\"https:\/\/linecomerproduct.com.mx\/wp-content\/uploads\/2021\/04\/cropped-imageonline-co-whitebackgroundremoved-6.png\" alt=\"\" loading=\"lazy\" srcset=\"https:\/\/linecomerproduct.com.mx\/wp-content\/uploads\/2021\/04\/cropped-imageonline-co-whitebackgroundremoved-6.png 395w, https:\/\/linecomerproduct.com.mx\/wp-content\/uploads\/2021\/04\/cropped-imageonline-co-whitebackgroundremoved-6-300x248.png 300w\" sizes=\"auto, (max-width: 395px) 100vw, 395px\" \/><br \/>\n\t\t<div role=\"form\" class=\"wpcf7\" id=\"wpcf7-f214-o1\" dir=\"ltr\">\n<div class=\"screen-reader-response\"><p role=\"status\" aria-live=\"polite\" aria-atomic=\"true\"><\/p> <ul><\/ul><\/div>\n<form action=\"\/index.php?rest_route=%2Fwp%2Fv2%2Fpages%2F7#wpcf7-f214-o1\" method=\"post\" class=\"wpcf7-form init\" novalidate=\"novalidate\" data-status=\"init\">\n<div style=\"display: none;\">\n<input type=\"hidden\" name=\"_wpcf7\" value=\"214\" \/>\n<input type=\"hidden\" name=\"_wpcf7_version\" value=\"5.6\" \/>\n<input type=\"hidden\" name=\"_wpcf7_locale\" value=\"\" \/>\n<input type=\"hidden\" name=\"_wpcf7_unit_tag\" value=\"wpcf7-f214-o1\" \/>\n<input type=\"hidden\" name=\"_wpcf7_container_post\" value=\"0\" \/>\n<input type=\"hidden\" name=\"_wpcf7_posted_data_hash\" value=\"\" \/>\n<\/div>\n<div class=\"wpcf7-response-output\" aria-hidden=\"true\"><\/div><\/form><\/div><br \/>\n\t\t\t<iframe frameborder=\"0\" scrolling=\"no\" marginheight=\"0\" marginwidth=\"0\" src=\"https:\/\/maps.google.com\/maps?q=Santo%20Santiago%20No.%203322&amp;t=m&amp;z=13&amp;output=embed&amp;iwloc=near\" title=\"%3$s\" aria-label=\"%3$s\"><\/iframe><\/p>\n","protected":false},"excerpt":{"rendered":"<p>Comercio internacional Importamos y exportamos cualquier mercanc\u00eda desde cualquier parte del mundo. Gesti\u00f3n Nos encargamos de la gesti\u00f3n de permisos, documentos y pedimentos de tus<a href=\"https:\/\/linecomerproduct.com.mx\/\" class=\"more-link\">Ver m\u00e1s<\/a><\/p>\n","protected":false},"author":1,"featured_media":0,"parent":0,"menu_order":0,"comment_status":"closed","ping_status":"closed","template":"","meta":{"_joinchat":[],"footnotes":""},"class_list":["post-7","page","type-page","status-publish","hentry"],"_links":{"self":[{"href":"https:\/\/linecomerproduct.com.mx\/index.php?rest_route=\/wp\/v2\/pages\/7","targetHints":{"allow":["GET"]}}],"collection":[{"href":"https:\/\/linecomerproduct.com.mx\/index.php?rest_route=\/wp\/v2\/pages"}],"about":[{"href":"https:\/\/linecomerproduct.com.mx\/index.php?rest_route=\/wp\/v2\/types\/page"}],"author":[{"embeddable":true,"href":"https:\/\/linecomerproduct.com.mx\/index.php?rest_route=\/wp\/v2\/users\/1"}],"replies":[{"embeddable":true,"href":"https:\/\/linecomerproduct.com.mx\/index.php?rest_route=%2Fwp%2Fv2%2Fcomments&post=7"}],"version-history":[{"count":20,"href":"https:\/\/linecomerproduct.com.mx\/index.php?rest_route=\/wp\/v2\/pages\/7\/revisions"}],"predecessor-version":[{"id":230,"href":"https:\/\/linecomerproduct.com.mx\/index.php?rest_route=\/wp\/v2\/pages\/7\/revisions\/230"}],"wp:attachment":[{"href":"https:\/\/linecomerproduct.com.mx\/index.php?rest_route=%2Fwp%2Fv2%2Fmedia&parent=7"}],"curies":[{"name":"wp","href":"https:\/\/api.w.org\/{rel}","templated":true}]}}